{"id":67,"date":"2025-05-17T14:50:00","date_gmt":"2025-05-17T14:50:00","guid":{"rendered":"https:\/\/yvaarchiv.de\/yva\/?page_id=67"},"modified":"2026-01-19T09:41:28","modified_gmt":"2026-01-19T09:41:28","slug":"kontakt","status":"publish","type":"page","link":"https:\/\/yvaarchiv.de\/yva\/index.php\/kontakt\/","title":{"rendered":"Kontakt"},"content":{"rendered":"\n<blockquote class=\"wp-block-quote has-accent-5-background-color has-background is-layout-flow wp-block-quote-is-layout-flow\">\n<p>Das Archiv nimmt Hinweise auf unbekannte Best\u00e4nde, Nachl\u00e4sse und Einzelwerke entgegen und pr\u00fcft diese im Rahmen seiner Forschung<\/p>\n<\/blockquote>\n\n\n\n<figure class=\"wp-block-image size-large\"><img loading=\"lazy\" decoding=\"async\" width=\"1024\" height=\"738\" src=\"https:\/\/yvaarchiv.de\/yva\/wp-content\/uploads\/2025\/12\/546233F7-787E-4335-8458-03BEE6B57560-1-1024x738.jpg\" alt=\"\" class=\"wp-image-280\" srcset=\"https:\/\/yvaarchiv.de\/yva\/wp-content\/uploads\/2025\/12\/546233F7-787E-4335-8458-03BEE6B57560-1-1024x738.jpg 1024w, https:\/\/yvaarchiv.de\/yva\/wp-content\/uploads\/2025\/12\/546233F7-787E-4335-8458-03BEE6B57560-1-300x216.jpg 300w, https:\/\/yvaarchiv.de\/yva\/wp-content\/uploads\/2025\/12\/546233F7-787E-4335-8458-03BEE6B57560-1-768x553.jpg 768w, https:\/\/yvaarchiv.de\/yva\/wp-content\/uploads\/2025\/12\/546233F7-787E-4335-8458-03BEE6B57560-1-1536x1107.jpg 1536w, https:\/\/yvaarchiv.de\/yva\/wp-content\/uploads\/2025\/12\/546233F7-787E-4335-8458-03BEE6B57560-1-2048x1476.jpg 2048w\" sizes=\"auto, (max-width: 1024px) 100vw, 1024px\" \/><figcaption class=\"wp-element-caption\">Yva: Weekend (1932)<\/figcaption><\/figure>\n\n\n\n<p>Kontakt: <strong><a>info@yvaarchiv.de<\/a><\/strong><\/p>\n\n\n\n<div class=\"wp-block-group alignfull has-base-background-color has-background has-global-padding is-layout-constrained wp-container-core-group-is-layout-d89aad35 wp-block-group-is-layout-constrained\" style=\"margin-top:0;margin-bottom:0;padding-top:var(--wp--preset--spacing--50);padding-right:var(--wp--preset--spacing--50);padding-bottom:var(--wp--preset--spacing--50);padding-left:var(--wp--preset--spacing--50)\">\n<div class=\"wp-block-columns alignwide is-layout-flex wp-container-core-columns-is-layout-549b0c86 wp-block-columns-is-layout-flex\">\n<div class=\"wp-block-column has-global-padding is-content-justification-left is-layout-constrained wp-container-core-column-is-layout-4f15e8fe wp-block-column-is-layout-constrained\" style=\"flex-basis:40%\">\n<p>Treten Sie mit uns in Kontakt<\/p>\n<\/div>\n\n\n\n<div class=\"wp-block-column is-layout-flow wp-container-core-column-is-layout-119bc444 wp-block-column-is-layout-flow\" style=\"flex-basis:60%\"><div class=\"wp-block-jetpack-contact-form is-layout-flex wp-container-jetpack-contact-form-is-layout-2b4208ba wp-block-jetpack-contact-form-is-layout-flex\"><a href=\"https:\/\/yvaarchiv.de\/yva\/index.php\/kontakt\/\" target=\"_blank\" rel=\"noopener noreferrer\">Formular einreichen.<\/a><\/div><\/div>\n<\/div>\n<\/div>\n","protected":false},"excerpt":{"rendered":"<p>Das Archiv nimmt Hinweise auf unbekannte Best\u00e4nde, Nachl\u00e4sse und Einzelwerke entgegen und pr\u00fcft diese im Rahmen seiner Forschung Kontakt: info@yvaarchiv.de Treten Sie mit uns in Kontakt<\/p>\n","protected":false},"author":1,"featured_media":277,"parent":0,"menu_order":0,"comment_status":"closed","ping_status":"closed","template":"","meta":{"footnotes":""},"class_list":["post-67","page","type-page","status-publish","has-post-thumbnail","hentry"],"yoast_head":"<!-- This site is optimized with the Yoast SEO plugin v27.5 - https:\/\/yoast.com\/product\/yoast-seo-wordpress\/ -->\n<title>Kontakt - YVA Archiv\u00ae<\/title>\n<meta name=\"robots\" content=\"index, follow, max-snippet:-1, max-image-preview:large, max-video-preview:-1\" \/>\n<link rel=\"canonical\" href=\"https:\/\/yvaarchiv.de\/yva\/index.php\/kontakt\/\" \/>\n<meta property=\"og:locale\" content=\"de_DE\" \/>\n<meta property=\"og:type\" content=\"article\" \/>\n<meta property=\"og:title\" content=\"Kontakt - YVA Archiv\u00ae\" \/>\n<meta property=\"og:description\" content=\"Das Archiv nimmt Hinweise auf unbekannte Best\u00e4nde, Nachl\u00e4sse und Einzelwerke entgegen und pr\u00fcft diese im Rahmen seiner Forschung Kontakt: info@yvaarchiv.de Treten Sie mit uns in Kontakt\" \/>\n<meta property=\"og:url\" content=\"https:\/\/yvaarchiv.de\/yva\/index.php\/kontakt\/\" \/>\n<meta property=\"og:site_name\" content=\"YVA Archiv\u00ae\" \/>\n<meta property=\"article:modified_time\" content=\"2026-01-19T09:41:28+00:00\" \/>\n<meta property=\"og:image\" content=\"https:\/\/yvaarchiv.de\/yva\/wp-content\/uploads\/2025\/12\/546233F7-787E-4335-8458-03BEE6B57560-scaled.jpg\" \/>\n\t<meta property=\"og:image:width\" content=\"2560\" \/>\n\t<meta property=\"og:image:height\" content=\"1845\" \/>\n\t<meta property=\"og:image:type\" content=\"image\/jpeg\" \/>\n<meta name=\"twitter:card\" content=\"summary_large_image\" \/>\n<meta name=\"twitter:label1\" content=\"Gesch\u00e4tzte Lesezeit\" \/>\n\t<meta name=\"twitter:data1\" content=\"1\u00a0Minute\" \/>\n<script type=\"application\/ld+json\" class=\"yoast-schema-graph\">{\"@context\":\"https:\\\/\\\/schema.org\",\"@graph\":[{\"@type\":\"WebPage\",\"@id\":\"https:\\\/\\\/yvaarchiv.de\\\/yva\\\/index.php\\\/kontakt\\\/\",\"url\":\"https:\\\/\\\/yvaarchiv.de\\\/yva\\\/index.php\\\/kontakt\\\/\",\"name\":\"Kontakt - YVA Archiv\u00ae\",\"isPartOf\":{\"@id\":\"https:\\\/\\\/yvaarchiv.de\\\/yva\\\/#website\"},\"primaryImageOfPage\":{\"@id\":\"https:\\\/\\\/yvaarchiv.de\\\/yva\\\/index.php\\\/kontakt\\\/#primaryimage\"},\"image\":{\"@id\":\"https:\\\/\\\/yvaarchiv.de\\\/yva\\\/index.php\\\/kontakt\\\/#primaryimage\"},\"thumbnailUrl\":\"https:\\\/\\\/yvaarchiv.de\\\/yva\\\/wp-content\\\/uploads\\\/2025\\\/12\\\/546233F7-787E-4335-8458-03BEE6B57560-scaled.jpg\",\"datePublished\":\"2025-05-17T14:50:00+00:00\",\"dateModified\":\"2026-01-19T09:41:28+00:00\",\"breadcrumb\":{\"@id\":\"https:\\\/\\\/yvaarchiv.de\\\/yva\\\/index.php\\\/kontakt\\\/#breadcrumb\"},\"inLanguage\":\"de\",\"potentialAction\":[{\"@type\":\"ReadAction\",\"target\":[\"https:\\\/\\\/yvaarchiv.de\\\/yva\\\/index.php\\\/kontakt\\\/\"]}]},{\"@type\":\"ImageObject\",\"inLanguage\":\"de\",\"@id\":\"https:\\\/\\\/yvaarchiv.de\\\/yva\\\/index.php\\\/kontakt\\\/#primaryimage\",\"url\":\"https:\\\/\\\/yvaarchiv.de\\\/yva\\\/wp-content\\\/uploads\\\/2025\\\/12\\\/546233F7-787E-4335-8458-03BEE6B57560-scaled.jpg\",\"contentUrl\":\"https:\\\/\\\/yvaarchiv.de\\\/yva\\\/wp-content\\\/uploads\\\/2025\\\/12\\\/546233F7-787E-4335-8458-03BEE6B57560-scaled.jpg\",\"width\":2560,\"height\":1845},{\"@type\":\"BreadcrumbList\",\"@id\":\"https:\\\/\\\/yvaarchiv.de\\\/yva\\\/index.php\\\/kontakt\\\/#breadcrumb\",\"itemListElement\":[{\"@type\":\"ListItem\",\"position\":1,\"name\":\"Startseite\",\"item\":\"https:\\\/\\\/yvaarchiv.de\\\/yva\\\/\"},{\"@type\":\"ListItem\",\"position\":2,\"name\":\"Kontakt\"}]},{\"@type\":\"WebSite\",\"@id\":\"https:\\\/\\\/yvaarchiv.de\\\/yva\\\/#website\",\"url\":\"https:\\\/\\\/yvaarchiv.de\\\/yva\\\/\",\"name\":\"YVA Archiv\u00ae\",\"description\":\"\",\"publisher\":{\"@id\":\"https:\\\/\\\/yvaarchiv.de\\\/yva\\\/#organization\"},\"potentialAction\":[{\"@type\":\"SearchAction\",\"target\":{\"@type\":\"EntryPoint\",\"urlTemplate\":\"https:\\\/\\\/yvaarchiv.de\\\/yva\\\/?s={search_term_string}\"},\"query-input\":{\"@type\":\"PropertyValueSpecification\",\"valueRequired\":true,\"valueName\":\"search_term_string\"}}],\"inLanguage\":\"de\"},{\"@type\":\"Organization\",\"@id\":\"https:\\\/\\\/yvaarchiv.de\\\/yva\\\/#organization\",\"name\":\"YVA Archiv\u00ae\",\"url\":\"https:\\\/\\\/yvaarchiv.de\\\/yva\\\/\",\"logo\":{\"@type\":\"ImageObject\",\"inLanguage\":\"de\",\"@id\":\"https:\\\/\\\/yvaarchiv.de\\\/yva\\\/#\\\/schema\\\/logo\\\/image\\\/\",\"url\":\"https:\\\/\\\/yvaarchiv.de\\\/yva\\\/wp-content\\\/uploads\\\/2025\\\/05\\\/cropped-yva-archiv-logo_1024.png\",\"contentUrl\":\"https:\\\/\\\/yvaarchiv.de\\\/yva\\\/wp-content\\\/uploads\\\/2025\\\/05\\\/cropped-yva-archiv-logo_1024.png\",\"width\":512,\"height\":512,\"caption\":\"YVA Archiv\u00ae\"},\"image\":{\"@id\":\"https:\\\/\\\/yvaarchiv.de\\\/yva\\\/#\\\/schema\\\/logo\\\/image\\\/\"}}]}<\/script>\n<!-- \/ Yoast SEO plugin. -->","yoast_head_json":{"title":"Kontakt - YVA Archiv\u00ae","robots":{"index":"index","follow":"follow","max-snippet":"max-snippet:-1","max-image-preview":"max-image-preview:large","max-video-preview":"max-video-preview:-1"},"canonical":"https:\/\/yvaarchiv.de\/yva\/index.php\/kontakt\/","og_locale":"de_DE","og_type":"article","og_title":"Kontakt - YVA Archiv\u00ae","og_description":"Das Archiv nimmt Hinweise auf unbekannte Best\u00e4nde, Nachl\u00e4sse und Einzelwerke entgegen und pr\u00fcft diese im Rahmen seiner Forschung Kontakt: info@yvaarchiv.de Treten Sie mit uns in Kontakt","og_url":"https:\/\/yvaarchiv.de\/yva\/index.php\/kontakt\/","og_site_name":"YVA Archiv\u00ae","article_modified_time":"2026-01-19T09:41:28+00:00","og_image":[{"width":2560,"height":1845,"url":"https:\/\/yvaarchiv.de\/yva\/wp-content\/uploads\/2025\/12\/546233F7-787E-4335-8458-03BEE6B57560-scaled.jpg","type":"image\/jpeg"}],"twitter_card":"summary_large_image","twitter_misc":{"Gesch\u00e4tzte Lesezeit":"1\u00a0Minute"},"schema":{"@context":"https:\/\/schema.org","@graph":[{"@type":"WebPage","@id":"https:\/\/yvaarchiv.de\/yva\/index.php\/kontakt\/","url":"https:\/\/yvaarchiv.de\/yva\/index.php\/kontakt\/","name":"Kontakt - YVA Archiv\u00ae","isPartOf":{"@id":"https:\/\/yvaarchiv.de\/yva\/#website"},"primaryImageOfPage":{"@id":"https:\/\/yvaarchiv.de\/yva\/index.php\/kontakt\/#primaryimage"},"image":{"@id":"https:\/\/yvaarchiv.de\/yva\/index.php\/kontakt\/#primaryimage"},"thumbnailUrl":"https:\/\/yvaarchiv.de\/yva\/wp-content\/uploads\/2025\/12\/546233F7-787E-4335-8458-03BEE6B57560-scaled.jpg","datePublished":"2025-05-17T14:50:00+00:00","dateModified":"2026-01-19T09:41:28+00:00","breadcrumb":{"@id":"https:\/\/yvaarchiv.de\/yva\/index.php\/kontakt\/#breadcrumb"},"inLanguage":"de","potentialAction":[{"@type":"ReadAction","target":["https:\/\/yvaarchiv.de\/yva\/index.php\/kontakt\/"]}]},{"@type":"ImageObject","inLanguage":"de","@id":"https:\/\/yvaarchiv.de\/yva\/index.php\/kontakt\/#primaryimage","url":"https:\/\/yvaarchiv.de\/yva\/wp-content\/uploads\/2025\/12\/546233F7-787E-4335-8458-03BEE6B57560-scaled.jpg","contentUrl":"https:\/\/yvaarchiv.de\/yva\/wp-content\/uploads\/2025\/12\/546233F7-787E-4335-8458-03BEE6B57560-scaled.jpg","width":2560,"height":1845},{"@type":"BreadcrumbList","@id":"https:\/\/yvaarchiv.de\/yva\/index.php\/kontakt\/#breadcrumb","itemListElement":[{"@type":"ListItem","position":1,"name":"Startseite","item":"https:\/\/yvaarchiv.de\/yva\/"},{"@type":"ListItem","position":2,"name":"Kontakt"}]},{"@type":"WebSite","@id":"https:\/\/yvaarchiv.de\/yva\/#website","url":"https:\/\/yvaarchiv.de\/yva\/","name":"YVA Archiv\u00ae","description":"","publisher":{"@id":"https:\/\/yvaarchiv.de\/yva\/#organization"},"potentialAction":[{"@type":"SearchAction","target":{"@type":"EntryPoint","urlTemplate":"https:\/\/yvaarchiv.de\/yva\/?s={search_term_string}"},"query-input":{"@type":"PropertyValueSpecification","valueRequired":true,"valueName":"search_term_string"}}],"inLanguage":"de"},{"@type":"Organization","@id":"https:\/\/yvaarchiv.de\/yva\/#organization","name":"YVA Archiv\u00ae","url":"https:\/\/yvaarchiv.de\/yva\/","logo":{"@type":"ImageObject","inLanguage":"de","@id":"https:\/\/yvaarchiv.de\/yva\/#\/schema\/logo\/image\/","url":"https:\/\/yvaarchiv.de\/yva\/wp-content\/uploads\/2025\/05\/cropped-yva-archiv-logo_1024.png","contentUrl":"https:\/\/yvaarchiv.de\/yva\/wp-content\/uploads\/2025\/05\/cropped-yva-archiv-logo_1024.png","width":512,"height":512,"caption":"YVA Archiv\u00ae"},"image":{"@id":"https:\/\/yvaarchiv.de\/yva\/#\/schema\/logo\/image\/"}}]}},"jetpack_sharing_enabled":true,"_links":{"self":[{"href":"https:\/\/yvaarchiv.de\/yva\/index.php\/wp-json\/wp\/v2\/pages\/67","targetHints":{"allow":["GET"]}}],"collection":[{"href":"https:\/\/yvaarchiv.de\/yva\/index.php\/wp-json\/wp\/v2\/pages"}],"about":[{"href":"https:\/\/yvaarchiv.de\/yva\/index.php\/wp-json\/wp\/v2\/types\/page"}],"author":[{"embeddable":true,"href":"https:\/\/yvaarchiv.de\/yva\/index.php\/wp-json\/wp\/v2\/users\/1"}],"replies":[{"embeddable":true,"href":"https:\/\/yvaarchiv.de\/yva\/index.php\/wp-json\/wp\/v2\/comments?post=67"}],"version-history":[{"count":11,"href":"https:\/\/yvaarchiv.de\/yva\/index.php\/wp-json\/wp\/v2\/pages\/67\/revisions"}],"predecessor-version":[{"id":443,"href":"https:\/\/yvaarchiv.de\/yva\/index.php\/wp-json\/wp\/v2\/pages\/67\/revisions\/443"}],"wp:featuredmedia":[{"embeddable":true,"href":"https:\/\/yvaarchiv.de\/yva\/index.php\/wp-json\/wp\/v2\/media\/277"}],"wp:attachment":[{"href":"https:\/\/yvaarchiv.de\/yva\/index.php\/wp-json\/wp\/v2\/media?parent=67"}],"curies":[{"name":"wp","href":"https:\/\/api.w.org\/{rel}","templated":true}]}}