{"id":350,"date":"2025-12-30T17:07:51","date_gmt":"2025-12-30T17:07:51","guid":{"rendered":"https:\/\/yvaarchiv.de\/yva\/?page_id=350"},"modified":"2026-04-15T15:38:25","modified_gmt":"2026-04-15T15:38:25","slug":"photopolis","status":"publish","type":"page","link":"https:\/\/yvaarchiv.de\/yva\/index.php\/photopolis\/","title":{"rendered":"Photopolis &#8211; Berlin\u2019s Lost Photographic Culture and Its Afterlife"},"content":{"rendered":"\n<div class=\"wp-block-group alignfull has-base-2-color has-contrast-background-color has-text-color has-background has-link-color wp-elements-a1632184db56bb512e1bff25612f4f08 has-global-padding is-layout-constrained wp-container-core-group-is-layout-facafb6f wp-block-group-is-layout-constrained\" style=\"margin-top:0;margin-bottom:0;padding-top:var(--wp--preset--spacing--50);padding-right:var(--wp--preset--spacing--50);padding-bottom:var(--wp--preset--spacing--50);padding-left:var(--wp--preset--spacing--50)\">\n<div class=\"wp-block-columns alignwide is-layout-flex wp-container-core-columns-is-layout-d1c656ed wp-block-columns-is-layout-flex\">\n<div class=\"wp-block-column is-layout-flow wp-block-column-is-layout-flow\" style=\"flex-basis:40%\">\n<div class=\"wp-block-group has-global-padding is-layout-constrained wp-block-group-is-layout-constrained\">\n<div class=\"wp-block-group is-layout-flow wp-block-group-is-layout-flow\">\n<figure class=\"wp-block-gallery has-nested-images columns-default is-cropped wp-block-gallery-1 is-layout-flex wp-block-gallery-is-layout-flex\">\n<figure class=\"wp-block-image size-full is-style-default\"><img loading=\"lazy\" decoding=\"async\" width=\"1047\" height=\"751\" data-id=\"322\" src=\"https:\/\/yvaarchiv.de\/yva\/wp-content\/uploads\/2025\/12\/86B77D0C-11C3-4823-BEFF-0CEFAB4ECB07_1_105_c.jpeg\" alt=\"\" class=\"wp-image-322\" style=\"object-fit:cover\" srcset=\"https:\/\/yvaarchiv.de\/yva\/wp-content\/uploads\/2025\/12\/86B77D0C-11C3-4823-BEFF-0CEFAB4ECB07_1_105_c.jpeg 1047w, https:\/\/yvaarchiv.de\/yva\/wp-content\/uploads\/2025\/12\/86B77D0C-11C3-4823-BEFF-0CEFAB4ECB07_1_105_c-300x215.jpeg 300w, https:\/\/yvaarchiv.de\/yva\/wp-content\/uploads\/2025\/12\/86B77D0C-11C3-4823-BEFF-0CEFAB4ECB07_1_105_c-1024x735.jpeg 1024w, https:\/\/yvaarchiv.de\/yva\/wp-content\/uploads\/2025\/12\/86B77D0C-11C3-4823-BEFF-0CEFAB4ECB07_1_105_c-768x551.jpeg 768w\" sizes=\"auto, (max-width: 1047px) 100vw, 1047px\" \/><figcaption class=\"wp-element-caption\">Rut(h) Landshoff (Atelier Zander &amp; Labisch)<\/figcaption><\/figure>\n<\/figure>\n<\/div>\n<\/div>\n<\/div>\n\n\n\n<div class=\"wp-block-column is-vertically-aligned-stretch is-layout-flow wp-block-column-is-layout-flow\" style=\"padding-right:0;flex-basis:60%\">\n<p class=\"has-contrast-color has-text-color has-link-color wp-elements-60bf8c67e2b6a9a3c02661d382b116e1\"><\/p>\n\n\n\n<blockquote class=\"wp-block-quote has-base-2-background-color has-background is-layout-flow wp-block-quote-is-layout-flow\">\n<p class=\"has-text-align-center has-contrast-color has-text-color has-link-color wp-elements-ca448f7d9a1d9414c6cea93ce96141b9\">Berlin war sowohl <br>Mekka der Lichtbildner &amp; Lichtbildnerinnen<br>als auch Ausgangspunkt von deren Exil, Flucht, Verfolgung, Ende oder\/und Neuanfang<\/p>\n<\/blockquote>\n<\/div>\n<\/div>\n<\/div>\n\n\n\n<h4 class=\"wp-block-heading\">Book and Exhibition Project<br>Photopolis 1919\u20131945 \u2013  <br><em>Berlin\u2019s Lost Photographic Culture and Its Afterlife<\/em><\/h4>\n\n\n\n<p><em>Photopolis 1919\u20131945<\/em>&nbsp;reconstructs Berlin as a centre of modern image production \u2013 a photographic city whose visual culture was ruptured after 1933, yet whose images continue to shape our understanding of modernity to this day.<\/p>\n\n\n\n<p>At its core are the biographies of photographers and the networks of production in which they operated in Berlin during the 1920s and 1930s \u2013 networks that were disrupted, destroyed, or only fragmentarily preserved as a result of persecution, expropriation, and war.<\/p>\n\n\n\n<p>The project brings into focus figures such as Yva (Else Neul\u00e4nder-Simon), Atelier Binder, the Jacobi sisters, Erwin Blumenfeld, Ellen Auerbach, Madame d\u2019Ora, Helmut Newton and Frieda Riess \u2013 alongside lesser-known studios, assistants, and the broader production structures that shaped this pivotal moment in the history of photography.<\/p>\n\n\n\n<p>Tracing images and biographies back to their point of origin, the project reconsiders Berlin as a hub of photographic practice. It examines studios, patrons, publishers, and agencies, and reconstructs the ruptures in careers, bodies of work, and life trajectories after 1933. For many, Berlin became the point of departure into flight, exile, deportation, or death; for others, it marked the beginning of a new life abroad.<\/p>\n\n\n\n<p><em>What was lost in the rupture between 1933 and 1945? What survived? And through which mechanisms did certain images remain visible after 1945, while others disappeared?<\/em><\/p>\n\n\n\n<p><em>How did these images persist \u2013 through processes of appropriation, canonisation, and aesthetic depoliticisation?<\/em><\/p>\n\n\n\n<p><em>Photopolis 1919\u20131945 thus seeks not only to reconstruct a lost photographic culture, but to critically reassess the conditions under which its images continue to shape our visual understanding of modernity.<\/em><\/p>\n\n\n\n<p><strong>Participation<\/strong><\/p>\n\n\n\n<p>The Yva Archive\u00ae collaborates with private and public lenders, collectors, and supporters.<\/p>\n\n\n\n<p>If you hold photographs, negatives, publications, correspondence, or personal recollections within family holdings that relate to Berlin studios, photographers, or trajectories of exile, we would be grateful to hear from you.<\/p>\n\n\n\n<p>Even individual images or fragmentary traces may prove decisive.<\/p>\n\n\n\n<div class=\"wp-block-group has-global-padding is-layout-constrained wp-block-group-is-layout-constrained\">\n<figure class=\"wp-block-gallery has-nested-images columns-default is-cropped wp-block-gallery-2 is-layout-flex wp-block-gallery-is-layout-flex\">\n<figure class=\"wp-block-image size-large\"><img loading=\"lazy\" decoding=\"async\" width=\"676\" height=\"1024\" data-id=\"538\" src=\"https:\/\/yvaarchiv.de\/yva\/wp-content\/uploads\/2026\/04\/2D432F87-57B8-44EF-A499-D7193E15E231-676x1024.jpeg\" alt=\"\" class=\"wp-image-538\" srcset=\"https:\/\/yvaarchiv.de\/yva\/wp-content\/uploads\/2026\/04\/2D432F87-57B8-44EF-A499-D7193E15E231-676x1024.jpeg 676w, https:\/\/yvaarchiv.de\/yva\/wp-content\/uploads\/2026\/04\/2D432F87-57B8-44EF-A499-D7193E15E231-198x300.jpeg 198w, https:\/\/yvaarchiv.de\/yva\/wp-content\/uploads\/2026\/04\/2D432F87-57B8-44EF-A499-D7193E15E231-768x1164.jpeg 768w, https:\/\/yvaarchiv.de\/yva\/wp-content\/uploads\/2026\/04\/2D432F87-57B8-44EF-A499-D7193E15E231-1014x1536.jpeg 1014w, https:\/\/yvaarchiv.de\/yva\/wp-content\/uploads\/2026\/04\/2D432F87-57B8-44EF-A499-D7193E15E231-1351x2048.jpeg 1351w, https:\/\/yvaarchiv.de\/yva\/wp-content\/uploads\/2026\/04\/2D432F87-57B8-44EF-A499-D7193E15E231-scaled.jpeg 1689w\" sizes=\"auto, (max-width: 676px) 100vw, 676px\" \/><\/figure>\n\n\n\n<figure class=\"wp-block-image size-large\"><img loading=\"lazy\" decoding=\"async\" width=\"767\" height=\"1024\" data-id=\"542\" src=\"https:\/\/yvaarchiv.de\/yva\/wp-content\/uploads\/2026\/04\/17F2E2E1-8569-40D0-B91E-EC4319D66829-767x1024.jpeg\" alt=\"\" class=\"wp-image-542\" srcset=\"https:\/\/yvaarchiv.de\/yva\/wp-content\/uploads\/2026\/04\/17F2E2E1-8569-40D0-B91E-EC4319D66829-767x1024.jpeg 767w, https:\/\/yvaarchiv.de\/yva\/wp-content\/uploads\/2026\/04\/17F2E2E1-8569-40D0-B91E-EC4319D66829-225x300.jpeg 225w, https:\/\/yvaarchiv.de\/yva\/wp-content\/uploads\/2026\/04\/17F2E2E1-8569-40D0-B91E-EC4319D66829-768x1025.jpeg 768w, https:\/\/yvaarchiv.de\/yva\/wp-content\/uploads\/2026\/04\/17F2E2E1-8569-40D0-B91E-EC4319D66829-1150x1536.jpeg 1150w, https:\/\/yvaarchiv.de\/yva\/wp-content\/uploads\/2026\/04\/17F2E2E1-8569-40D0-B91E-EC4319D66829-1534x2048.jpeg 1534w, https:\/\/yvaarchiv.de\/yva\/wp-content\/uploads\/2026\/04\/17F2E2E1-8569-40D0-B91E-EC4319D66829-scaled.jpeg 1917w\" sizes=\"auto, (max-width: 767px) 100vw, 767px\" \/><\/figure>\n\n\n\n<figure class=\"wp-block-image size-large\"><img loading=\"lazy\" decoding=\"async\" width=\"664\" height=\"1024\" data-id=\"537\" src=\"https:\/\/yvaarchiv.de\/yva\/wp-content\/uploads\/2026\/04\/8B13773D-3E79-4AFA-8CF6-C21B8E08ED4E-664x1024.jpeg\" alt=\"\" class=\"wp-image-537\" srcset=\"https:\/\/yvaarchiv.de\/yva\/wp-content\/uploads\/2026\/04\/8B13773D-3E79-4AFA-8CF6-C21B8E08ED4E-664x1024.jpeg 664w, https:\/\/yvaarchiv.de\/yva\/wp-content\/uploads\/2026\/04\/8B13773D-3E79-4AFA-8CF6-C21B8E08ED4E-195x300.jpeg 195w, https:\/\/yvaarchiv.de\/yva\/wp-content\/uploads\/2026\/04\/8B13773D-3E79-4AFA-8CF6-C21B8E08ED4E.jpeg 736w\" sizes=\"auto, (max-width: 664px) 100vw, 664px\" \/><\/figure>\n\n\n\n<figure class=\"wp-block-image size-large\"><img loading=\"lazy\" decoding=\"async\" width=\"781\" height=\"1024\" data-id=\"540\" src=\"https:\/\/yvaarchiv.de\/yva\/wp-content\/uploads\/2026\/04\/Atelier-Frieda-Riess-Der-Boxer-Erich-Brandl-1925-781x1024.jpg\" alt=\"\" class=\"wp-image-540\" srcset=\"https:\/\/yvaarchiv.de\/yva\/wp-content\/uploads\/2026\/04\/Atelier-Frieda-Riess-Der-Boxer-Erich-Brandl-1925-781x1024.jpg 781w, https:\/\/yvaarchiv.de\/yva\/wp-content\/uploads\/2026\/04\/Atelier-Frieda-Riess-Der-Boxer-Erich-Brandl-1925-229x300.jpg 229w, https:\/\/yvaarchiv.de\/yva\/wp-content\/uploads\/2026\/04\/Atelier-Frieda-Riess-Der-Boxer-Erich-Brandl-1925-768x1007.jpg 768w, https:\/\/yvaarchiv.de\/yva\/wp-content\/uploads\/2026\/04\/Atelier-Frieda-Riess-Der-Boxer-Erich-Brandl-1925-1172x1536.jpg 1172w, https:\/\/yvaarchiv.de\/yva\/wp-content\/uploads\/2026\/04\/Atelier-Frieda-Riess-Der-Boxer-Erich-Brandl-1925-1562x2048.jpg 1562w, https:\/\/yvaarchiv.de\/yva\/wp-content\/uploads\/2026\/04\/Atelier-Frieda-Riess-Der-Boxer-Erich-Brandl-1925-scaled.jpg 1953w\" sizes=\"auto, (max-width: 781px) 100vw, 781px\" \/><figcaption class=\"wp-element-caption\"><br><\/figcaption><\/figure>\n\n\n\n<figure class=\"wp-block-image size-large\"><img loading=\"lazy\" decoding=\"async\" width=\"819\" height=\"1024\" data-id=\"541\" src=\"https:\/\/yvaarchiv.de\/yva\/wp-content\/uploads\/2026\/04\/Atelier-Mac-Walden-Im-Wintergarten-1930-1933-819x1024.jpeg\" alt=\"\" class=\"wp-image-541\" srcset=\"https:\/\/yvaarchiv.de\/yva\/wp-content\/uploads\/2026\/04\/Atelier-Mac-Walden-Im-Wintergarten-1930-1933-819x1024.jpeg 819w, https:\/\/yvaarchiv.de\/yva\/wp-content\/uploads\/2026\/04\/Atelier-Mac-Walden-Im-Wintergarten-1930-1933-240x300.jpeg 240w, https:\/\/yvaarchiv.de\/yva\/wp-content\/uploads\/2026\/04\/Atelier-Mac-Walden-Im-Wintergarten-1930-1933-768x960.jpeg 768w, https:\/\/yvaarchiv.de\/yva\/wp-content\/uploads\/2026\/04\/Atelier-Mac-Walden-Im-Wintergarten-1930-1933-1229x1536.jpeg 1229w, https:\/\/yvaarchiv.de\/yva\/wp-content\/uploads\/2026\/04\/Atelier-Mac-Walden-Im-Wintergarten-1930-1933-1638x2048.jpeg 1638w, https:\/\/yvaarchiv.de\/yva\/wp-content\/uploads\/2026\/04\/Atelier-Mac-Walden-Im-Wintergarten-1930-1933-scaled.jpeg 2048w\" sizes=\"auto, (max-width: 819px) 100vw, 819px\" \/><\/figure>\n\n\n\n<figure class=\"wp-block-image size-large\"><img loading=\"lazy\" decoding=\"async\" width=\"731\" height=\"1024\" data-id=\"539\" src=\"https:\/\/yvaarchiv.de\/yva\/wp-content\/uploads\/2026\/04\/Atelier-YVA-Beine-731x1024.jpeg\" alt=\"\" class=\"wp-image-539\" srcset=\"https:\/\/yvaarchiv.de\/yva\/wp-content\/uploads\/2026\/04\/Atelier-YVA-Beine-731x1024.jpeg 731w, https:\/\/yvaarchiv.de\/yva\/wp-content\/uploads\/2026\/04\/Atelier-YVA-Beine-214x300.jpeg 214w, https:\/\/yvaarchiv.de\/yva\/wp-content\/uploads\/2026\/04\/Atelier-YVA-Beine-768x1076.jpeg 768w, https:\/\/yvaarchiv.de\/yva\/wp-content\/uploads\/2026\/04\/Atelier-YVA-Beine-1097x1536.jpeg 1097w, https:\/\/yvaarchiv.de\/yva\/wp-content\/uploads\/2026\/04\/Atelier-YVA-Beine-1462x2048.jpeg 1462w, https:\/\/yvaarchiv.de\/yva\/wp-content\/uploads\/2026\/04\/Atelier-YVA-Beine-scaled.jpeg 1828w\" sizes=\"auto, (max-width: 731px) 100vw, 731px\" \/><\/figure>\n<\/figure>\n<\/div>\n\n\n\n<hr class=\"wp-block-separator has-alpha-channel-opacity\"\/>\n\n\n\n<div class=\"wp-block-group alignfull has-base-2-color has-contrast-background-color has-text-color has-background has-link-color wp-elements-c8b972683449c4d3b9f80b78d94176f8 has-global-padding is-layout-constrained wp-container-core-group-is-layout-facafb6f wp-block-group-is-layout-constrained\" style=\"margin-top:0;margin-bottom:0;padding-top:var(--wp--preset--spacing--50);padding-right:var(--wp--preset--spacing--50);padding-bottom:var(--wp--preset--spacing--50);padding-left:var(--wp--preset--spacing--50)\">\n<figure class=\"wp-block-image size-large\"><img loading=\"lazy\" decoding=\"async\" width=\"740\" height=\"1024\" src=\"https:\/\/yvaarchiv.de\/yva\/wp-content\/uploads\/2026\/03\/Bewegungsstudie_Movement_Study_1925_black_and_white_photograph_by_Rudolf_Koppitz_restored-740x1024.jpeg\" alt=\"\" class=\"wp-image-516\" srcset=\"https:\/\/yvaarchiv.de\/yva\/wp-content\/uploads\/2026\/03\/Bewegungsstudie_Movement_Study_1925_black_and_white_photograph_by_Rudolf_Koppitz_restored-740x1024.jpeg 740w, https:\/\/yvaarchiv.de\/yva\/wp-content\/uploads\/2026\/03\/Bewegungsstudie_Movement_Study_1925_black_and_white_photograph_by_Rudolf_Koppitz_restored-217x300.jpeg 217w, https:\/\/yvaarchiv.de\/yva\/wp-content\/uploads\/2026\/03\/Bewegungsstudie_Movement_Study_1925_black_and_white_photograph_by_Rudolf_Koppitz_restored-768x1063.jpeg 768w, https:\/\/yvaarchiv.de\/yva\/wp-content\/uploads\/2026\/03\/Bewegungsstudie_Movement_Study_1925_black_and_white_photograph_by_Rudolf_Koppitz_restored-1110x1536.jpeg 1110w, https:\/\/yvaarchiv.de\/yva\/wp-content\/uploads\/2026\/03\/Bewegungsstudie_Movement_Study_1925_black_and_white_photograph_by_Rudolf_Koppitz_restored-1480x2048.jpeg 1480w, https:\/\/yvaarchiv.de\/yva\/wp-content\/uploads\/2026\/03\/Bewegungsstudie_Movement_Study_1925_black_and_white_photograph_by_Rudolf_Koppitz_restored-scaled.jpeg 1850w\" sizes=\"auto, (max-width: 740px) 100vw, 740px\" \/><\/figure>\n<\/div>\n\n\n\n<p><strong>Buch- und Ausstellung\/Book and Exhibition<br><em>Photopolis 1919\u20131945<\/em> &#8211; <br>Berlin\u2019s Lost Photographic Culture and Its Afterlife<\/strong><\/p>\n\n\n\n<p>Photopolis 1919\u20131945 rekonstruiert Berlin als das Zentrum moderner Bildproduktion \u2013 eine fotografische Stadt, die nach 1933 zerst\u00f6rt wurde, deren Bilder jedoch bis heute unser Bild der Moderne pr\u00e4gen.<\/p>\n\n\n\n<p>Im Mittelpunkt stehen die Biografien von Lichtbildnern sowie ihre Arbeits- und Produktionszusammenh\u00e4nge im Berlin der 1920er und 1930er Jahre, die durch Verfolgung, Enteignung und Krieg verloren gingen oder nur fragmentarisch \u00fcberliefert sind.<\/p>\n\n\n\n<p>In den Blick r\u00fccken Fotografinnen und Fotografen wie Yva (Else Neul\u00e4nder-Simon), das Atelier Binder, die Schwestern Jacobi, Erwin Blumenfeld, Ellen Auerbach, Madame d\u2019Ora, Helmut Newton und Frieda Rie\u00df \u2013 ebenso wie weniger bekannte Ateliers, Assistenten und Produktionsnetzwerke dieser f\u00fcr die Geschichte der Fotografie pr\u00e4genden Zeit.<\/p>\n\n\n\n<p>Das Projekt verfolgt Bilder und Biografien zur\u00fcck zu ihrem Entstehungsort: Berlin als Mekka der Lichtbildner. Es fragt nach Ateliers, Auftraggebern, Verlagen und Agenturen und rekonstruiert die Br\u00fcche in Werk, Wirken und Biografien ab 1933. F\u00fcr viele der Beteiligten wurde Berlin zum Ausgangspunkt von Flucht, Exil, Deportation oder Tod \u2013 f\u00fcr andere zum Ort eines sp\u00e4teren Neuanfangs im Ausland.<\/p>\n\n\n\n<p>Was ging durch den Bruch zwischen 1933 und 1945 verloren? Was \u00fcberlebte? Und durch welche Mechanismen blieben bestimmte Bilder nach 1945 sichtbar, w\u00e4hrend andere verschwanden?<br>Wie gestaltete sich das Nachleben dieser Bilder \u2013 ihre Aneignung, Kanonisierung und \u00e4sthetische Entpolitisierung?<\/p>\n\n\n\n<p><strong>Mitwirkung<\/strong><\/p>\n\n\n\n<p>Das Yva-Archiv\u00ae arbeitet mit privaten und \u00f6ffentlichen Leihgebern, Sammlern und Unterst\u00fctzern und Unterst\u00fctzerinnen zusammen.<\/p>\n\n\n\n<p>Wenn Sie Fotografien, Negative, Publikationen, Korrespondenzen oder Erinnerungen aus Familienbesitz besitzen, die mit Berliner Ateliers, Fotografen oder Exilwegen verbunden sind, freuen wir uns \u00fcber Ihre Kontaktaufnahme.<\/p>\n\n\n\n<p>Auch einzelne Bilder oder fragmentarische Hinweise k\u00f6nnen entscheidend sein.<\/p>\n","protected":false},"excerpt":{"rendered":"<p>Berlin war sowohl Mekka der Lichtbildner &amp; Lichtbildnerinnenals auch Ausgangspunkt von deren Exil, Flucht, Verfolgung, Ende oder\/und Neuanfang Book and Exhibition ProjectPhotopolis 1919\u20131945 \u2013 Berlin\u2019s Lost Photographic Culture and Its Afterlife Photopolis 1919\u20131945&nbsp;reconstructs Berlin as a centre of modern image production \u2013 a photographic city whose visual culture was ruptured after 1933, yet whose images [&hellip;]<\/p>\n","protected":false},"author":2,"featured_media":283,"parent":0,"menu_order":0,"comment_status":"closed","ping_status":"closed","template":"","meta":{"footnotes":""},"class_list":["post-350","page","type-page","status-publish","has-post-thumbnail","hentry"],"yoast_head":"<!-- This site is optimized with the Yoast SEO plugin v27.5 - https:\/\/yoast.com\/product\/yoast-seo-wordpress\/ -->\n<title>Photopolis - Berlin\u2019s Lost Photographic Culture and Its Afterlife - YVA Archiv\u00ae<\/title>\n<meta name=\"robots\" content=\"index, follow, max-snippet:-1, max-image-preview:large, max-video-preview:-1\" \/>\n<link rel=\"canonical\" href=\"https:\/\/yvaarchiv.de\/yva\/index.php\/photopolis\/\" \/>\n<meta property=\"og:locale\" content=\"de_DE\" \/>\n<meta property=\"og:type\" content=\"article\" \/>\n<meta property=\"og:title\" content=\"Photopolis - Berlin\u2019s Lost Photographic Culture and Its Afterlife - YVA Archiv\u00ae\" \/>\n<meta property=\"og:description\" content=\"Berlin war sowohl Mekka der Lichtbildner &amp; Lichtbildnerinnenals auch Ausgangspunkt von deren Exil, Flucht, Verfolgung, Ende oder\/und Neuanfang Book and Exhibition ProjectPhotopolis 1919\u20131945 \u2013 Berlin\u2019s Lost Photographic Culture and Its Afterlife Photopolis 1919\u20131945&nbsp;reconstructs Berlin as a centre of modern image production \u2013 a photographic city whose visual culture was ruptured after 1933, yet whose images [&hellip;]\" \/>\n<meta property=\"og:url\" content=\"https:\/\/yvaarchiv.de\/yva\/index.php\/photopolis\/\" \/>\n<meta property=\"og:site_name\" content=\"YVA Archiv\u00ae\" \/>\n<meta property=\"article:modified_time\" content=\"2026-04-15T15:38:25+00:00\" \/>\n<meta property=\"og:image\" content=\"https:\/\/yvaarchiv.de\/yva\/wp-content\/uploads\/2025\/12\/IMG_4546-1.jpg\" \/>\n\t<meta property=\"og:image:width\" content=\"1200\" \/>\n\t<meta property=\"og:image:height\" content=\"829\" \/>\n\t<meta property=\"og:image:type\" content=\"image\/jpeg\" \/>\n<meta name=\"twitter:card\" content=\"summary_large_image\" \/>\n<meta name=\"twitter:label1\" content=\"Gesch\u00e4tzte Lesezeit\" \/>\n\t<meta name=\"twitter:data1\" content=\"6\u00a0Minuten\" \/>\n<script type=\"application\/ld+json\" class=\"yoast-schema-graph\">{\"@context\":\"https:\\\/\\\/schema.org\",\"@graph\":[{\"@type\":\"WebPage\",\"@id\":\"https:\\\/\\\/yvaarchiv.de\\\/yva\\\/index.php\\\/photopolis\\\/\",\"url\":\"https:\\\/\\\/yvaarchiv.de\\\/yva\\\/index.php\\\/photopolis\\\/\",\"name\":\"Photopolis - Berlin\u2019s Lost Photographic Culture and Its Afterlife - YVA Archiv\u00ae\",\"isPartOf\":{\"@id\":\"https:\\\/\\\/yvaarchiv.de\\\/yva\\\/#website\"},\"primaryImageOfPage\":{\"@id\":\"https:\\\/\\\/yvaarchiv.de\\\/yva\\\/index.php\\\/photopolis\\\/#primaryimage\"},\"image\":{\"@id\":\"https:\\\/\\\/yvaarchiv.de\\\/yva\\\/index.php\\\/photopolis\\\/#primaryimage\"},\"thumbnailUrl\":\"https:\\\/\\\/yvaarchiv.de\\\/yva\\\/wp-content\\\/uploads\\\/2025\\\/12\\\/IMG_4546-1.jpg\",\"datePublished\":\"2025-12-30T17:07:51+00:00\",\"dateModified\":\"2026-04-15T15:38:25+00:00\",\"breadcrumb\":{\"@id\":\"https:\\\/\\\/yvaarchiv.de\\\/yva\\\/index.php\\\/photopolis\\\/#breadcrumb\"},\"inLanguage\":\"de\",\"potentialAction\":[{\"@type\":\"ReadAction\",\"target\":[\"https:\\\/\\\/yvaarchiv.de\\\/yva\\\/index.php\\\/photopolis\\\/\"]}]},{\"@type\":\"ImageObject\",\"inLanguage\":\"de\",\"@id\":\"https:\\\/\\\/yvaarchiv.de\\\/yva\\\/index.php\\\/photopolis\\\/#primaryimage\",\"url\":\"https:\\\/\\\/yvaarchiv.de\\\/yva\\\/wp-content\\\/uploads\\\/2025\\\/12\\\/IMG_4546-1.jpg\",\"contentUrl\":\"https:\\\/\\\/yvaarchiv.de\\\/yva\\\/wp-content\\\/uploads\\\/2025\\\/12\\\/IMG_4546-1.jpg\",\"width\":1200,\"height\":829},{\"@type\":\"BreadcrumbList\",\"@id\":\"https:\\\/\\\/yvaarchiv.de\\\/yva\\\/index.php\\\/photopolis\\\/#breadcrumb\",\"itemListElement\":[{\"@type\":\"ListItem\",\"position\":1,\"name\":\"Startseite\",\"item\":\"https:\\\/\\\/yvaarchiv.de\\\/yva\\\/\"},{\"@type\":\"ListItem\",\"position\":2,\"name\":\"Photopolis &#8211; Berlin\u2019s Lost Photographic Culture and Its Afterlife\"}]},{\"@type\":\"WebSite\",\"@id\":\"https:\\\/\\\/yvaarchiv.de\\\/yva\\\/#website\",\"url\":\"https:\\\/\\\/yvaarchiv.de\\\/yva\\\/\",\"name\":\"YVA Archiv\u00ae\",\"description\":\"\",\"publisher\":{\"@id\":\"https:\\\/\\\/yvaarchiv.de\\\/yva\\\/#organization\"},\"potentialAction\":[{\"@type\":\"SearchAction\",\"target\":{\"@type\":\"EntryPoint\",\"urlTemplate\":\"https:\\\/\\\/yvaarchiv.de\\\/yva\\\/?s={search_term_string}\"},\"query-input\":{\"@type\":\"PropertyValueSpecification\",\"valueRequired\":true,\"valueName\":\"search_term_string\"}}],\"inLanguage\":\"de\"},{\"@type\":\"Organization\",\"@id\":\"https:\\\/\\\/yvaarchiv.de\\\/yva\\\/#organization\",\"name\":\"YVA Archiv\u00ae\",\"url\":\"https:\\\/\\\/yvaarchiv.de\\\/yva\\\/\",\"logo\":{\"@type\":\"ImageObject\",\"inLanguage\":\"de\",\"@id\":\"https:\\\/\\\/yvaarchiv.de\\\/yva\\\/#\\\/schema\\\/logo\\\/image\\\/\",\"url\":\"https:\\\/\\\/yvaarchiv.de\\\/yva\\\/wp-content\\\/uploads\\\/2025\\\/05\\\/cropped-yva-archiv-logo_1024.png\",\"contentUrl\":\"https:\\\/\\\/yvaarchiv.de\\\/yva\\\/wp-content\\\/uploads\\\/2025\\\/05\\\/cropped-yva-archiv-logo_1024.png\",\"width\":512,\"height\":512,\"caption\":\"YVA Archiv\u00ae\"},\"image\":{\"@id\":\"https:\\\/\\\/yvaarchiv.de\\\/yva\\\/#\\\/schema\\\/logo\\\/image\\\/\"}}]}<\/script>\n<!-- \/ Yoast SEO plugin. -->","yoast_head_json":{"title":"Photopolis - Berlin\u2019s Lost Photographic Culture and Its Afterlife - YVA Archiv\u00ae","robots":{"index":"index","follow":"follow","max-snippet":"max-snippet:-1","max-image-preview":"max-image-preview:large","max-video-preview":"max-video-preview:-1"},"canonical":"https:\/\/yvaarchiv.de\/yva\/index.php\/photopolis\/","og_locale":"de_DE","og_type":"article","og_title":"Photopolis - Berlin\u2019s Lost Photographic Culture and Its Afterlife - YVA Archiv\u00ae","og_description":"Berlin war sowohl Mekka der Lichtbildner &amp; Lichtbildnerinnenals auch Ausgangspunkt von deren Exil, Flucht, Verfolgung, Ende oder\/und Neuanfang Book and Exhibition ProjectPhotopolis 1919\u20131945 \u2013 Berlin\u2019s Lost Photographic Culture and Its Afterlife Photopolis 1919\u20131945&nbsp;reconstructs Berlin as a centre of modern image production \u2013 a photographic city whose visual culture was ruptured after 1933, yet whose images [&hellip;]","og_url":"https:\/\/yvaarchiv.de\/yva\/index.php\/photopolis\/","og_site_name":"YVA Archiv\u00ae","article_modified_time":"2026-04-15T15:38:25+00:00","og_image":[{"width":1200,"height":829,"url":"https:\/\/yvaarchiv.de\/yva\/wp-content\/uploads\/2025\/12\/IMG_4546-1.jpg","type":"image\/jpeg"}],"twitter_card":"summary_large_image","twitter_misc":{"Gesch\u00e4tzte Lesezeit":"6\u00a0Minuten"},"schema":{"@context":"https:\/\/schema.org","@graph":[{"@type":"WebPage","@id":"https:\/\/yvaarchiv.de\/yva\/index.php\/photopolis\/","url":"https:\/\/yvaarchiv.de\/yva\/index.php\/photopolis\/","name":"Photopolis - Berlin\u2019s Lost Photographic Culture and Its Afterlife - YVA Archiv\u00ae","isPartOf":{"@id":"https:\/\/yvaarchiv.de\/yva\/#website"},"primaryImageOfPage":{"@id":"https:\/\/yvaarchiv.de\/yva\/index.php\/photopolis\/#primaryimage"},"image":{"@id":"https:\/\/yvaarchiv.de\/yva\/index.php\/photopolis\/#primaryimage"},"thumbnailUrl":"https:\/\/yvaarchiv.de\/yva\/wp-content\/uploads\/2025\/12\/IMG_4546-1.jpg","datePublished":"2025-12-30T17:07:51+00:00","dateModified":"2026-04-15T15:38:25+00:00","breadcrumb":{"@id":"https:\/\/yvaarchiv.de\/yva\/index.php\/photopolis\/#breadcrumb"},"inLanguage":"de","potentialAction":[{"@type":"ReadAction","target":["https:\/\/yvaarchiv.de\/yva\/index.php\/photopolis\/"]}]},{"@type":"ImageObject","inLanguage":"de","@id":"https:\/\/yvaarchiv.de\/yva\/index.php\/photopolis\/#primaryimage","url":"https:\/\/yvaarchiv.de\/yva\/wp-content\/uploads\/2025\/12\/IMG_4546-1.jpg","contentUrl":"https:\/\/yvaarchiv.de\/yva\/wp-content\/uploads\/2025\/12\/IMG_4546-1.jpg","width":1200,"height":829},{"@type":"BreadcrumbList","@id":"https:\/\/yvaarchiv.de\/yva\/index.php\/photopolis\/#breadcrumb","itemListElement":[{"@type":"ListItem","position":1,"name":"Startseite","item":"https:\/\/yvaarchiv.de\/yva\/"},{"@type":"ListItem","position":2,"name":"Photopolis &#8211; Berlin\u2019s Lost Photographic Culture and Its Afterlife"}]},{"@type":"WebSite","@id":"https:\/\/yvaarchiv.de\/yva\/#website","url":"https:\/\/yvaarchiv.de\/yva\/","name":"YVA Archiv\u00ae","description":"","publisher":{"@id":"https:\/\/yvaarchiv.de\/yva\/#organization"},"potentialAction":[{"@type":"SearchAction","target":{"@type":"EntryPoint","urlTemplate":"https:\/\/yvaarchiv.de\/yva\/?s={search_term_string}"},"query-input":{"@type":"PropertyValueSpecification","valueRequired":true,"valueName":"search_term_string"}}],"inLanguage":"de"},{"@type":"Organization","@id":"https:\/\/yvaarchiv.de\/yva\/#organization","name":"YVA Archiv\u00ae","url":"https:\/\/yvaarchiv.de\/yva\/","logo":{"@type":"ImageObject","inLanguage":"de","@id":"https:\/\/yvaarchiv.de\/yva\/#\/schema\/logo\/image\/","url":"https:\/\/yvaarchiv.de\/yva\/wp-content\/uploads\/2025\/05\/cropped-yva-archiv-logo_1024.png","contentUrl":"https:\/\/yvaarchiv.de\/yva\/wp-content\/uploads\/2025\/05\/cropped-yva-archiv-logo_1024.png","width":512,"height":512,"caption":"YVA Archiv\u00ae"},"image":{"@id":"https:\/\/yvaarchiv.de\/yva\/#\/schema\/logo\/image\/"}}]}},"jetpack_sharing_enabled":true,"_links":{"self":[{"href":"https:\/\/yvaarchiv.de\/yva\/index.php\/wp-json\/wp\/v2\/pages\/350","targetHints":{"allow":["GET"]}}],"collection":[{"href":"https:\/\/yvaarchiv.de\/yva\/index.php\/wp-json\/wp\/v2\/pages"}],"about":[{"href":"https:\/\/yvaarchiv.de\/yva\/index.php\/wp-json\/wp\/v2\/types\/page"}],"author":[{"embeddable":true,"href":"https:\/\/yvaarchiv.de\/yva\/index.php\/wp-json\/wp\/v2\/users\/2"}],"replies":[{"embeddable":true,"href":"https:\/\/yvaarchiv.de\/yva\/index.php\/wp-json\/wp\/v2\/comments?post=350"}],"version-history":[{"count":25,"href":"https:\/\/yvaarchiv.de\/yva\/index.php\/wp-json\/wp\/v2\/pages\/350\/revisions"}],"predecessor-version":[{"id":548,"href":"https:\/\/yvaarchiv.de\/yva\/index.php\/wp-json\/wp\/v2\/pages\/350\/revisions\/548"}],"wp:featuredmedia":[{"embeddable":true,"href":"https:\/\/yvaarchiv.de\/yva\/index.php\/wp-json\/wp\/v2\/media\/283"}],"wp:attachment":[{"href":"https:\/\/yvaarchiv.de\/yva\/index.php\/wp-json\/wp\/v2\/media?parent=350"}],"curies":[{"name":"wp","href":"https:\/\/api.w.org\/{rel}","templated":true}]}}