{"id":174,"date":"2025-08-28T13:02:24","date_gmt":"2025-08-28T13:02:24","guid":{"rendered":"https:\/\/yvaarchiv.de\/yva\/?page_id=174"},"modified":"2025-08-28T13:20:06","modified_gmt":"2025-08-28T13:20:06","slug":"interaktive-karte","status":"publish","type":"page","link":"https:\/\/yvaarchiv.de\/yva\/index.php\/interaktive-karte\/","title":{"rendered":"Interaktive Karte"},"content":{"rendered":"\n<p>Auf dieser Seite finden Sie einen Link zu Google Maps, auf dem Sie das Mekka der Lichtbildner um 1930 erforschen k\u00f6nnen. Yvas Wohn- und Arbeitsorte (1900-1942) sind ebenfalls verzeichnet.<\/p>\n\n\n\n<p>Bitte beachten Sie, dass die Google Maps App unter iOS diese Links nur direkt \u00f6ffnen kann, wenn die App unter Einstellungen &gt; Apps &gt; Google Maps &gt; Standard-App ausgew\u00e4hlt wird. Alternativ k\u00f6nnen Sie den Link auch in Safari oder ihrem Standard-Browser \u00f6ffnen, indem Sie ihn kurz gedr\u00fcckt halten und im Auswahlmen\u00fc &#8222;in neuem Tab \u00f6ffnen&#8220; w\u00e4hlen:<\/p>\n\n\n\n<p><a href=\"https:\/\/www.google.com\/maps\/d\/viewer?ll=52.49010250040274%2C13.36162929999999&amp;z=12&amp;mid=1NfCeriCq1UQwqykISe44vbyZZT1MbLA\" target=\"_blank\" rel=\"noreferrer noopener\">Zur Karte<\/a><\/p>\n\n\n\n<p><iframe loading=\"lazy\" src=\"https:\/\/www.google.com\/maps\/d\/embed?mid=1NfCeriCq1UQwqykISe44vbyZZT1MbLA&#038;ehbc=2E312F\" width=\"90%\" height=\"400\"><\/iframe><\/p>\n\n","protected":false},"excerpt":{"rendered":"<p>Auf dieser Seite finden Sie einen Link zu Google Maps, auf dem Sie das Mekka der Lichtbildner um 1930 erforschen k\u00f6nnen. Yvas Wohn- und Arbeitsorte (1900-1942) sind ebenfalls verzeichnet. Bitte beachten Sie, dass die Google Maps App unter iOS diese Links nur direkt \u00f6ffnen kann, wenn die App unter Einstellungen &gt; Apps &gt; Google Maps [&hellip;]<\/p>\n","protected":false},"author":1,"featured_media":0,"parent":0,"menu_order":0,"comment_status":"closed","ping_status":"closed","template":"","meta":{"footnotes":""},"class_list":["post-174","page","type-page","status-publish","hentry"],"yoast_head":"<!-- This site is optimized with the Yoast SEO plugin v27.5 - https:\/\/yoast.com\/product\/yoast-seo-wordpress\/ -->\n<title>Interaktive Karte - YVA Archiv\u00ae<\/title>\n<meta name=\"robots\" content=\"index, follow, max-snippet:-1, max-image-preview:large, max-video-preview:-1\" \/>\n<link rel=\"canonical\" href=\"https:\/\/yvaarchiv.de\/yva\/index.php\/interaktive-karte\/\" \/>\n<meta property=\"og:locale\" content=\"de_DE\" \/>\n<meta property=\"og:type\" content=\"article\" \/>\n<meta property=\"og:title\" content=\"Interaktive Karte - YVA Archiv\u00ae\" \/>\n<meta property=\"og:description\" content=\"Auf dieser Seite finden Sie einen Link zu Google Maps, auf dem Sie das Mekka der Lichtbildner um 1930 erforschen k\u00f6nnen. Yvas Wohn- und Arbeitsorte (1900-1942) sind ebenfalls verzeichnet. Bitte beachten Sie, dass die Google Maps App unter iOS diese Links nur direkt \u00f6ffnen kann, wenn die App unter Einstellungen &gt; Apps &gt; Google Maps [&hellip;]\" \/>\n<meta property=\"og:url\" content=\"https:\/\/yvaarchiv.de\/yva\/index.php\/interaktive-karte\/\" \/>\n<meta property=\"og:site_name\" content=\"YVA Archiv\u00ae\" \/>\n<meta property=\"article:modified_time\" content=\"2025-08-28T13:20:06+00:00\" \/>\n<meta name=\"twitter:card\" content=\"summary_large_image\" \/>\n<meta name=\"twitter:label1\" content=\"Gesch\u00e4tzte Lesezeit\" \/>\n\t<meta name=\"twitter:data1\" content=\"1\u00a0Minute\" \/>\n<script type=\"application\/ld+json\" class=\"yoast-schema-graph\">{\"@context\":\"https:\\\/\\\/schema.org\",\"@graph\":[{\"@type\":\"WebPage\",\"@id\":\"https:\\\/\\\/yvaarchiv.de\\\/yva\\\/index.php\\\/interaktive-karte\\\/\",\"url\":\"https:\\\/\\\/yvaarchiv.de\\\/yva\\\/index.php\\\/interaktive-karte\\\/\",\"name\":\"Interaktive Karte - YVA Archiv\u00ae\",\"isPartOf\":{\"@id\":\"https:\\\/\\\/yvaarchiv.de\\\/yva\\\/#website\"},\"datePublished\":\"2025-08-28T13:02:24+00:00\",\"dateModified\":\"2025-08-28T13:20:06+00:00\",\"breadcrumb\":{\"@id\":\"https:\\\/\\\/yvaarchiv.de\\\/yva\\\/index.php\\\/interaktive-karte\\\/#breadcrumb\"},\"inLanguage\":\"de\",\"potentialAction\":[{\"@type\":\"ReadAction\",\"target\":[\"https:\\\/\\\/yvaarchiv.de\\\/yva\\\/index.php\\\/interaktive-karte\\\/\"]}]},{\"@type\":\"BreadcrumbList\",\"@id\":\"https:\\\/\\\/yvaarchiv.de\\\/yva\\\/index.php\\\/interaktive-karte\\\/#breadcrumb\",\"itemListElement\":[{\"@type\":\"ListItem\",\"position\":1,\"name\":\"Startseite\",\"item\":\"https:\\\/\\\/yvaarchiv.de\\\/yva\\\/\"},{\"@type\":\"ListItem\",\"position\":2,\"name\":\"Interaktive Karte\"}]},{\"@type\":\"WebSite\",\"@id\":\"https:\\\/\\\/yvaarchiv.de\\\/yva\\\/#website\",\"url\":\"https:\\\/\\\/yvaarchiv.de\\\/yva\\\/\",\"name\":\"YVA Archiv\u00ae\",\"description\":\"\",\"publisher\":{\"@id\":\"https:\\\/\\\/yvaarchiv.de\\\/yva\\\/#organization\"},\"potentialAction\":[{\"@type\":\"SearchAction\",\"target\":{\"@type\":\"EntryPoint\",\"urlTemplate\":\"https:\\\/\\\/yvaarchiv.de\\\/yva\\\/?s={search_term_string}\"},\"query-input\":{\"@type\":\"PropertyValueSpecification\",\"valueRequired\":true,\"valueName\":\"search_term_string\"}}],\"inLanguage\":\"de\"},{\"@type\":\"Organization\",\"@id\":\"https:\\\/\\\/yvaarchiv.de\\\/yva\\\/#organization\",\"name\":\"YVA Archiv\u00ae\",\"url\":\"https:\\\/\\\/yvaarchiv.de\\\/yva\\\/\",\"logo\":{\"@type\":\"ImageObject\",\"inLanguage\":\"de\",\"@id\":\"https:\\\/\\\/yvaarchiv.de\\\/yva\\\/#\\\/schema\\\/logo\\\/image\\\/\",\"url\":\"https:\\\/\\\/yvaarchiv.de\\\/yva\\\/wp-content\\\/uploads\\\/2025\\\/05\\\/cropped-yva-archiv-logo_1024.png\",\"contentUrl\":\"https:\\\/\\\/yvaarchiv.de\\\/yva\\\/wp-content\\\/uploads\\\/2025\\\/05\\\/cropped-yva-archiv-logo_1024.png\",\"width\":512,\"height\":512,\"caption\":\"YVA Archiv\u00ae\"},\"image\":{\"@id\":\"https:\\\/\\\/yvaarchiv.de\\\/yva\\\/#\\\/schema\\\/logo\\\/image\\\/\"}}]}<\/script>\n<!-- \/ Yoast SEO plugin. -->","yoast_head_json":{"title":"Interaktive Karte - YVA Archiv\u00ae","robots":{"index":"index","follow":"follow","max-snippet":"max-snippet:-1","max-image-preview":"max-image-preview:large","max-video-preview":"max-video-preview:-1"},"canonical":"https:\/\/yvaarchiv.de\/yva\/index.php\/interaktive-karte\/","og_locale":"de_DE","og_type":"article","og_title":"Interaktive Karte - YVA Archiv\u00ae","og_description":"Auf dieser Seite finden Sie einen Link zu Google Maps, auf dem Sie das Mekka der Lichtbildner um 1930 erforschen k\u00f6nnen. Yvas Wohn- und Arbeitsorte (1900-1942) sind ebenfalls verzeichnet. Bitte beachten Sie, dass die Google Maps App unter iOS diese Links nur direkt \u00f6ffnen kann, wenn die App unter Einstellungen &gt; Apps &gt; Google Maps [&hellip;]","og_url":"https:\/\/yvaarchiv.de\/yva\/index.php\/interaktive-karte\/","og_site_name":"YVA Archiv\u00ae","article_modified_time":"2025-08-28T13:20:06+00:00","twitter_card":"summary_large_image","twitter_misc":{"Gesch\u00e4tzte Lesezeit":"1\u00a0Minute"},"schema":{"@context":"https:\/\/schema.org","@graph":[{"@type":"WebPage","@id":"https:\/\/yvaarchiv.de\/yva\/index.php\/interaktive-karte\/","url":"https:\/\/yvaarchiv.de\/yva\/index.php\/interaktive-karte\/","name":"Interaktive Karte - YVA Archiv\u00ae","isPartOf":{"@id":"https:\/\/yvaarchiv.de\/yva\/#website"},"datePublished":"2025-08-28T13:02:24+00:00","dateModified":"2025-08-28T13:20:06+00:00","breadcrumb":{"@id":"https:\/\/yvaarchiv.de\/yva\/index.php\/interaktive-karte\/#breadcrumb"},"inLanguage":"de","potentialAction":[{"@type":"ReadAction","target":["https:\/\/yvaarchiv.de\/yva\/index.php\/interaktive-karte\/"]}]},{"@type":"BreadcrumbList","@id":"https:\/\/yvaarchiv.de\/yva\/index.php\/interaktive-karte\/#breadcrumb","itemListElement":[{"@type":"ListItem","position":1,"name":"Startseite","item":"https:\/\/yvaarchiv.de\/yva\/"},{"@type":"ListItem","position":2,"name":"Interaktive Karte"}]},{"@type":"WebSite","@id":"https:\/\/yvaarchiv.de\/yva\/#website","url":"https:\/\/yvaarchiv.de\/yva\/","name":"YVA Archiv\u00ae","description":"","publisher":{"@id":"https:\/\/yvaarchiv.de\/yva\/#organization"},"potentialAction":[{"@type":"SearchAction","target":{"@type":"EntryPoint","urlTemplate":"https:\/\/yvaarchiv.de\/yva\/?s={search_term_string}"},"query-input":{"@type":"PropertyValueSpecification","valueRequired":true,"valueName":"search_term_string"}}],"inLanguage":"de"},{"@type":"Organization","@id":"https:\/\/yvaarchiv.de\/yva\/#organization","name":"YVA Archiv\u00ae","url":"https:\/\/yvaarchiv.de\/yva\/","logo":{"@type":"ImageObject","inLanguage":"de","@id":"https:\/\/yvaarchiv.de\/yva\/#\/schema\/logo\/image\/","url":"https:\/\/yvaarchiv.de\/yva\/wp-content\/uploads\/2025\/05\/cropped-yva-archiv-logo_1024.png","contentUrl":"https:\/\/yvaarchiv.de\/yva\/wp-content\/uploads\/2025\/05\/cropped-yva-archiv-logo_1024.png","width":512,"height":512,"caption":"YVA Archiv\u00ae"},"image":{"@id":"https:\/\/yvaarchiv.de\/yva\/#\/schema\/logo\/image\/"}}]}},"jetpack_sharing_enabled":true,"_links":{"self":[{"href":"https:\/\/yvaarchiv.de\/yva\/index.php\/wp-json\/wp\/v2\/pages\/174","targetHints":{"allow":["GET"]}}],"collection":[{"href":"https:\/\/yvaarchiv.de\/yva\/index.php\/wp-json\/wp\/v2\/pages"}],"about":[{"href":"https:\/\/yvaarchiv.de\/yva\/index.php\/wp-json\/wp\/v2\/types\/page"}],"author":[{"embeddable":true,"href":"https:\/\/yvaarchiv.de\/yva\/index.php\/wp-json\/wp\/v2\/users\/1"}],"replies":[{"embeddable":true,"href":"https:\/\/yvaarchiv.de\/yva\/index.php\/wp-json\/wp\/v2\/comments?post=174"}],"version-history":[{"count":5,"href":"https:\/\/yvaarchiv.de\/yva\/index.php\/wp-json\/wp\/v2\/pages\/174\/revisions"}],"predecessor-version":[{"id":183,"href":"https:\/\/yvaarchiv.de\/yva\/index.php\/wp-json\/wp\/v2\/pages\/174\/revisions\/183"}],"wp:attachment":[{"href":"https:\/\/yvaarchiv.de\/yva\/index.php\/wp-json\/wp\/v2\/media?parent=174"}],"curies":[{"name":"wp","href":"https:\/\/api.w.org\/{rel}","templated":true}]}}